{"id":1310,"date":"2021-05-09T14:06:32","date_gmt":"2021-05-09T12:06:32","guid":{"rendered":"https:\/\/wp.octogate.de\/?page_id=1310"},"modified":"2026-04-10T01:43:24","modified_gmt":"2026-04-09T23:43:24","slug":"lmz","status":"publish","type":"page","link":"https:\/\/www.octogate.com\/en_us\/lmz\/","title":{"rendered":"LMZ"},"content":{"rendered":"<section class=\"l-section wpb_row height_medium\"><div class=\"l-section-h i-cf\"><div class=\"g-cols vc_row via_flex valign_top type_default stacking_default\"><div class=\"vc_col-sm-12 wpb_column vc_column_container\"><div class=\"vc_column-inner\"><div class=\"wpb_wrapper\"><div class=\"wpb_text_column\"><div class=\"wpb_wrapper\"><h1 style=\"text-align: left;\">LMZ Configurator<\/h1>\n<\/div><\/div><div class=\"w-separator size_medium\"><\/div><div class=\"wpb_text_column us_custom_19737bc8\"><div class=\"wpb_wrapper\"><p><iframe id=\"iFrameResizer0\" style=\"height: 810px; width: 100%; border: 0px; overflow: hidden;\" src=\"https:\/\/central.octogate.de\/ords\/f?p=102:200:\" scrolling=\"no\"><\/iframe><\/p>\n<\/div><\/div><\/div><\/div><\/div><\/div><\/div><\/section><section class=\"l-section wpb_row us_custom_1165c17b height_medium\"><div class=\"l-section-h i-cf\"><div class=\"g-cols vc_row via_flex valign_top type_default stacking_default\"><div class=\"vc_col-sm-12 wpb_column vc_column_container\"><div class=\"vc_column-inner us_custom_9c8713ca\"><div class=\"wpb_wrapper\"><style data-type=\"us_custom-css\">.g-cols.type_default>div[class*=\"vc_col-lg-\"]{margin-top:0px;margin-bottom:0px}.g-cols.type_default>div[class*=\"vc_col-lg-\"]{position:relative}.button_footer{left:2rem;margin-right:auto;bottom:1rem;position:absolute;min-width:250px}<\/style><section class=\"l-section wpb_row us_custom_efd1ba34 height_medium width_full\"><div class=\"l-section-h i-cf\"><div class=\"g-cols vc_row via_flex valign_top type_default stacking_default\"><div class=\"vc_col-sm-12 wpb_column vc_column_container\"><div class=\"vc_column-inner us_custom_d5ef9ecf\"><div class=\"wpb_wrapper\"><div class=\"wpb_text_column\"><div class=\"wpb_wrapper\"><h2 style=\"text-align: center;\">Dates and Events<\/h2>\n<\/div><\/div><div class=\"wpb_text_column\"><div class=\"wpb_wrapper\"><p style=\"text-align: center;\">We would be happy to demonstrate our solutions to you in person and invite you to our regular webinars, events, and training sessions.<br \/>\nWe look forward to seeing you.<\/p>\n<\/div><\/div><div class=\"g-cols wpb_row us_custom_b9595c95 via_flex valign_top type_default stacking_default\"><div class=\"vc_col-sm-3 wpb_column vc_column_container\"><div class=\"vc_column-inner\"><div class=\"wpb_wrapper\"><div class=\"w-iconbox iconpos_top style_outlined color_custom align_center\"><a title=\"Webinar\" href=\"https:\/\/www.octogate.de\/event\/vertrieb-von-octogate-it-schulloesungen-das-webinar-fuer-fachhaendler-16\/\" class=\"w-iconbox-link\" aria-label=\"Webinar: Selling OctoGate IT Solutions for Schools\" target=\"_blank\" rel=\"noopener\"><div class=\"w-iconbox-icon\" style=\"font-size:2rem;--icon-color:#ce6025;--icon-bg-color:#ffffff;\"><i class=\"fas fa-calendar\"><\/i><\/div><\/a><div class=\"w-iconbox-meta\"><h4 class=\"w-iconbox-title\"><a title=\"Webinar\" href=\"https:\/\/www.octogate.de\/event\/vertrieb-von-octogate-it-schulloesungen-das-webinar-fuer-fachhaendler-16\/\" class=\"w-iconbox-link\" aria-label=\"Webinar: Selling OctoGate IT Solutions for Schools\" target=\"_blank\" rel=\"noopener\">Webinar: Selling OctoGate IT Solutions for Schools<\/a><\/h4><div class=\"w-iconbox-text\"><p style=\"text-align: center;\">February 26, 2026<\/p>\n<\/div><\/div><\/div><\/div><\/div><\/div><div class=\"vc_col-sm-3 wpb_column vc_column_container\"><div class=\"vc_column-inner\"><div class=\"wpb_wrapper\"><div class=\"w-iconbox iconpos_top style_outlined color_custom align_center\"><a title=\"Advanced Zertifizierung\" href=\"https:\/\/www.octogate.de\/event\/octogate-advanced-zertifizierung-14\/\" class=\"w-iconbox-link\" aria-label=\"OctoGate Advanced Certification\" target=\"_blank\" rel=\"noopener\"><div class=\"w-iconbox-icon\" style=\"font-size:2rem;--icon-color:#ce6025;--icon-bg-color:#ffffff;\"><i class=\"fas fa-calendar\"><\/i><\/div><\/a><div class=\"w-iconbox-meta\"><h4 class=\"w-iconbox-title\"><a title=\"Advanced Zertifizierung\" href=\"https:\/\/www.octogate.de\/event\/octogate-advanced-zertifizierung-14\/\" class=\"w-iconbox-link\" aria-label=\"OctoGate Advanced Certification\" target=\"_blank\" rel=\"noopener\">OctoGate Advanced Certification<\/a><\/h4><div class=\"w-iconbox-text\"><p style=\"text-align: center;\">April 1\u20132, 2026<\/p>\n<\/div><\/div><\/div><\/div><\/div><\/div><div class=\"vc_col-sm-3 wpb_column vc_column_container\"><div class=\"vc_column-inner\"><div class=\"wpb_wrapper\"><div class=\"w-iconbox iconpos_top style_outlined color_custom align_center\"><a title=\"Advanced Zertifizierung\" href=\"https:\/\/www.octogate.de\/event\/octogate-advanced-zertifizierung-15\/\" class=\"w-iconbox-link\" aria-label=\"OctoGate Advanced Certification\" target=\"_blank\" rel=\"noopener\"><div class=\"w-iconbox-icon\" style=\"font-size:2rem;--icon-color:#ce6025;--icon-bg-color:#ffffff;\"><i class=\"fas fa-calendar\"><\/i><\/div><\/a><div class=\"w-iconbox-meta\"><h4 class=\"w-iconbox-title\"><a title=\"Advanced Zertifizierung\" href=\"https:\/\/www.octogate.de\/event\/octogate-advanced-zertifizierung-15\/\" class=\"w-iconbox-link\" aria-label=\"OctoGate Advanced Certification\" target=\"_blank\" rel=\"noopener\">OctoGate Advanced Certification<\/a><\/h4><div class=\"w-iconbox-text\"><p style=\"text-align: center;\">July 1, 2026<\/p>\n<\/div><\/div><\/div><\/div><\/div><\/div><div class=\"vc_col-sm-3 wpb_column vc_column_container\"><div class=\"vc_column-inner\"><div class=\"wpb_wrapper\"><div class=\"w-iconbox iconpos_top style_outlined color_custom align_center\"><a title=\"Advanced Zertifizierung\" href=\"https:\/\/www.octogate.de\/event\/vertrieb-von-octogate-it-schulloesungen-das-webinar-fuer-fachhaendler-19\/\" class=\"w-iconbox-link\" aria-label=\"Webinar: Selling OctoGate IT Solutions for Schools\" target=\"_blank\" rel=\"noopener\"><div class=\"w-iconbox-icon\" style=\"font-size:2rem;--icon-color:#ce6025;--icon-bg-color:#ffffff;\"><i class=\"fas fa-calendar\"><\/i><\/div><\/a><div class=\"w-iconbox-meta\"><h4 class=\"w-iconbox-title\"><a title=\"Advanced Zertifizierung\" href=\"https:\/\/www.octogate.de\/event\/vertrieb-von-octogate-it-schulloesungen-das-webinar-fuer-fachhaendler-19\/\" class=\"w-iconbox-link\" aria-label=\"Webinar: Selling OctoGate IT Solutions for Schools\" target=\"_blank\" rel=\"noopener\">Webinar: Selling OctoGate IT Solutions for Schools<\/a><\/h4><div class=\"w-iconbox-text\"><p style=\"text-align: center;\">August 13, 2026<\/p>\n<\/div><\/div><\/div><\/div><\/div><\/div><\/div><div class=\"g-cols wpb_row us_custom_e53907d3 via_flex valign_top type_default stacking_default\"><div class=\"vc_col-sm-12 wpb_column vc_column_container\"><div class=\"vc_column-inner\"><div class=\"wpb_wrapper\"><div class=\"w-btn-wrapper align_center\"><a class=\"w-btn us-btn-style_1\" title=\"L\u00f6sungen\" href=\"https:\/\/www.octogate.com\/events\/\"><span class=\"w-btn-label\">Upcoming Dates<\/span><\/a><\/div><\/div><\/div><\/div><\/div><\/div><\/div><\/div><\/div><\/div><\/section><section class=\"l-section wpb_row us_custom_4af741be height_medium width_full\"><div class=\"l-section-h i-cf\"><div class=\"g-cols vc_row via_flex valign_top type_default stacking_default\"><div class=\"vc_col-sm-4 vc_col-lg-4 vc_col-md-12 vc_col-xs-12 wpb_column vc_column_container footer_hover has_bg_color\"><div class=\"vc_column-inner us_custom_f922c0a2\"><div class=\"wpb_wrapper\"><div class=\"wpb_text_column us_custom_fcf7f095 has_text_color\"><div class=\"wpb_wrapper\"><h1>Our Mission<\/h1>\n<\/div><\/div><div class=\"wpb_text_column us_custom_b9622d20 has_text_color\"><div class=\"wpb_wrapper\"><h6>We stand behind our products, use them ourselves, and are passionate about them. We love technology\u2014and that translates into a strong commitment to quality and customer satisfaction. We want our customers to be just as satisfied with us and our service. As the saying goes: &#8220;Good IT is the kind where hardly anyone notices it\u2019s there\u2014it just does its job reliably.&#8221;<\/h6>\n<\/div><\/div><div class=\"g-cols wpb_row button_footer via_flex valign_top type_default stacking_default\"><div class=\"vc_col-sm-12 wpb_column vc_column_container\"><div class=\"vc_column-inner\"><div class=\"wpb_wrapper\"><div class=\"w-btn-wrapper align_center\"><a class=\"w-btn us-btn-style_1 button_footer\" href=\"https:\/\/www.octogate.com\/managed-service\/\"><span class=\"w-btn-label\">Our Services<\/span><\/a><\/div><\/div><\/div><\/div><\/div><\/div><\/div><\/div><div class=\"vc_col-sm-4 vc_col-lg-4 vc_col-md-12 vc_col-xs-12 wpb_column vc_column_container footer_hover has_bg_color\"><div class=\"vc_column-inner us_custom_48cfcb95\"><div class=\"wpb_wrapper\"><div class=\"wpb_text_column us_custom_fcf7f095 has_text_color\"><div class=\"wpb_wrapper\"><h1>Our Support<\/h1>\n<\/div><\/div><div class=\"wpb_text_column us_custom_a5b87a1d has_text_color\"><div class=\"wpb_wrapper\"><h6>At OctoGate, service is a top priority. We sell our products as part of a &#8220;Managed Service&#8221; package, which includes both software updates and German-language support directly from the manufacturer. We are also happy to handle product configuration, offer training and webinars, and proactively maintain the systems: we take action before a problem arises.<\/h6>\n<\/div><\/div><div class=\"g-cols wpb_row button_footer via_flex valign_top type_default stacking_default\"><div class=\"vc_col-sm-12 wpb_column vc_column_container\"><div class=\"vc_column-inner\"><div class=\"wpb_wrapper\"><div class=\"w-btn-wrapper align_center\"><a class=\"w-btn us-btn-style_1 button_footer\" href=\"https:\/\/central.octogate.de\" target=\"_blank\" rel=\"noopener\"><span class=\"w-btn-label\">Create a ticket<\/span><\/a><\/div><\/div><\/div><\/div><\/div><\/div><\/div><\/div><div class=\"vc_col-sm-4 vc_col-lg-4 vc_col-md-12 vc_col-xs-12 wpb_column vc_column_container footer_hover has_bg_color\"><div class=\"vc_column-inner us_custom_09c5522a\"><div class=\"wpb_wrapper\"><div class=\"wpb_text_column us_custom_fcf7f095 has_text_color\"><div class=\"wpb_wrapper\"><h1>School firewall<\/h1>\n<\/div><\/div><div class=\"wpb_text_column us_custom_a5b87a1d has_text_color\"><div class=\"wpb_wrapper\"><h6>In addition, OctoGate has been active in the education sector for over 10 years through SCHULFIREWALL.DE. In addition to framework agreements with the Baden-W\u00fcrttemberg State Media Center, this has led to numerous partnerships with providers of classroom management systems, in which we often play an integral role by providing interfaces and school-oriented solutions.<\/h6>\n<\/div><\/div><div class=\"g-cols wpb_row button_footer via_flex valign_top type_default stacking_default\"><div class=\"vc_col-sm-12 wpb_column vc_column_container\"><div class=\"vc_column-inner\"><div class=\"wpb_wrapper\"><div class=\"w-btn-wrapper align_center\"><a class=\"w-btn us-btn-style_1 button_footer\" href=\"https:\/\/schulfirewall.de\" target=\"_blank\" rel=\"noopener\"><span class=\"w-btn-label\">Visit the website<\/span><\/a><\/div><\/div><\/div><\/div><\/div><\/div><\/div><\/div><\/div><\/div><\/section><div class=\"vc_col-sm-12 wpb_column vc_column_container\"><div class=\"vc_column-inner\"><div class=\"wpb_wrapper\"><\/div><\/div><\/div><section class=\"l-section wpb_row height_medium width_full\"><div class=\"l-section-h i-cf\"><div class=\"g-cols vc_row via_flex valign_top type_default stacking_default\"><div class=\"vc_col-sm-12 wpb_column vc_column_container\"><div class=\"vc_column-inner\"><div class=\"wpb_wrapper\"><div class=\"wpb_text_column\"><div class=\"wpb_wrapper\"><h6>Certifications &amp; Memberships<\/h6>\n<\/div><\/div><div id=\"ult-carousel-25245955869dff9b84ca6b\" class=\"ult-carousel-wrapper   ult_horizontal\" data-gutter=\"15\" data-rtl=\"false\" ><div class=\"ult-carousel-164314667069dff9b84ca40 \" ><div class=\"ult-item-wrap\" data-animation=\"animated no-animation\"><div class=\"w-image align_none\"><a title=\"IT Security made in Germany\" href=\"https:\/\/www.teletrust.de\/it-security-made-in-germany\/\" aria-label=\"IT Security made in Germany_logo\" class=\"w-image-h\" target=\"_blank\" rel=\"noopener\"><img decoding=\"async\" width=\"300\" height=\"300\" src=\"https:\/\/www.octogate.com\/wp-content\/uploads\/2021\/10\/IT-Security-made-in-Germany_logo.png\" class=\"attachment-full size-full\" alt=\"\" loading=\"lazy\" srcset=\"https:\/\/www.octogate.com\/wp-content\/uploads\/2021\/10\/IT-Security-made-in-Germany_logo.png 300w, https:\/\/www.octogate.com\/wp-content\/uploads\/2021\/10\/IT-Security-made-in-Germany_logo-150x150.png 150w, https:\/\/www.octogate.com\/wp-content\/uploads\/2021\/10\/IT-Security-made-in-Germany_logo-10x10.png 10w, https:\/\/www.octogate.com\/wp-content\/uploads\/2021\/10\/IT-Security-made-in-Germany_logo-20x20.png 20w\" sizes=\"auto, (max-width: 300px) 100vw, 300px\" \/><\/a><\/div><\/div><div class=\"ult-item-wrap\" data-animation=\"animated no-animation\"><div class=\"w-image align_none\"><a title=\"Made in Germany Network\" href=\"https:\/\/www.madeingermany.online\/\" aria-label=\"made-in-germany-network_logo\" class=\"w-image-h\" target=\"_blank\" rel=\"noopener\"><img decoding=\"async\" width=\"300\" height=\"300\" src=\"https:\/\/www.octogate.com\/wp-content\/uploads\/2021\/10\/made-in-germany-network_logo.png\" class=\"attachment-full size-full\" alt=\"\" loading=\"lazy\" srcset=\"https:\/\/www.octogate.com\/wp-content\/uploads\/2021\/10\/made-in-germany-network_logo.png 300w, https:\/\/www.octogate.com\/wp-content\/uploads\/2021\/10\/made-in-germany-network_logo-150x150.png 150w, https:\/\/www.octogate.com\/wp-content\/uploads\/2021\/10\/made-in-germany-network_logo-10x10.png 10w, https:\/\/www.octogate.com\/wp-content\/uploads\/2021\/10\/made-in-germany-network_logo-20x20.png 20w\" sizes=\"auto, (max-width: 300px) 100vw, 300px\" \/><\/a><\/div><\/div><div class=\"ult-item-wrap\" data-animation=\"animated no-animation\"><div class=\"w-image align_none\"><a title=\"IT Security made in EU\" href=\"https:\/\/www.teletrust.de\/it-security-made-in-eu\/#:~:text=TeleTrusT-Initiative &quot;IT Security made,IT Security made in EU&quot;.\" aria-label=\"IT Security made in EU_logo\" class=\"w-image-h\" target=\"_blank\" rel=\"noopener\"><img decoding=\"async\" width=\"300\" height=\"300\" src=\"https:\/\/www.octogate.com\/wp-content\/uploads\/2021\/10\/IT-Security-made-in-EU_logo.png\" class=\"attachment-full size-full\" alt=\"\" loading=\"lazy\" srcset=\"https:\/\/www.octogate.com\/wp-content\/uploads\/2021\/10\/IT-Security-made-in-EU_logo.png 300w, https:\/\/www.octogate.com\/wp-content\/uploads\/2021\/10\/IT-Security-made-in-EU_logo-150x150.png 150w, https:\/\/www.octogate.com\/wp-content\/uploads\/2021\/10\/IT-Security-made-in-EU_logo-10x10.png 10w, https:\/\/www.octogate.com\/wp-content\/uploads\/2021\/10\/IT-Security-made-in-EU_logo-20x20.png 20w\" sizes=\"auto, (max-width: 300px) 100vw, 300px\" \/><\/a><\/div><\/div><div class=\"ult-item-wrap\" data-animation=\"animated no-animation\"><div class=\"w-image align_none\"><a title=\"Bundespr\u00fcfstelle f\u00fcr jugendgef\u00e4hrdende Medien\" href=\"https:\/\/www.bzkj.de\/bzkj\/indizierung\/was-bewirkt-die-indizierung\/telemedien\" aria-label=\"BPJM_Modul_2025_1x1\" class=\"w-image-h\" target=\"_blank\" rel=\"noopener\"><img decoding=\"async\" width=\"411\" height=\"411\" src=\"https:\/\/www.octogate.com\/wp-content\/uploads\/2021\/05\/BPJM_Modul_2025_1x1.jpg\" class=\"attachment-full size-full\" alt=\"\" loading=\"lazy\" srcset=\"https:\/\/www.octogate.com\/wp-content\/uploads\/2021\/05\/BPJM_Modul_2025_1x1.jpg 411w, https:\/\/www.octogate.com\/wp-content\/uploads\/2021\/05\/BPJM_Modul_2025_1x1-300x300.jpg 300w, https:\/\/www.octogate.com\/wp-content\/uploads\/2021\/05\/BPJM_Modul_2025_1x1-150x150.jpg 150w, https:\/\/www.octogate.com\/wp-content\/uploads\/2021\/05\/BPJM_Modul_2025_1x1-400x400.jpg 400w, https:\/\/www.octogate.com\/wp-content\/uploads\/2021\/05\/BPJM_Modul_2025_1x1-10x10.jpg 10w, https:\/\/www.octogate.com\/wp-content\/uploads\/2021\/05\/BPJM_Modul_2025_1x1-20x20.jpg 20w\" sizes=\"auto, (max-width: 411px) 100vw, 411px\" \/><\/a><\/div><\/div><div class=\"ult-item-wrap\" data-animation=\"animated no-animation\"><div class=\"w-image align_none\"><a title=\"Wi-Fi Alliance\" href=\"https:\/\/www.wi-fi.org\/\" aria-label=\"wifi alliance_logo\" class=\"w-image-h\" target=\"_blank\" rel=\"noopener\"><img decoding=\"async\" width=\"300\" height=\"300\" src=\"https:\/\/www.octogate.com\/wp-content\/uploads\/2021\/10\/wifi-alliance_logo.png\" class=\"attachment-full size-full\" alt=\"\" loading=\"lazy\" srcset=\"https:\/\/www.octogate.com\/wp-content\/uploads\/2021\/10\/wifi-alliance_logo.png 300w, https:\/\/www.octogate.com\/wp-content\/uploads\/2021\/10\/wifi-alliance_logo-150x150.png 150w, https:\/\/www.octogate.com\/wp-content\/uploads\/2021\/10\/wifi-alliance_logo-10x10.png 10w, https:\/\/www.octogate.com\/wp-content\/uploads\/2021\/10\/wifi-alliance_logo-20x20.png 20w\" sizes=\"auto, (max-width: 300px) 100vw, 300px\" \/><\/a><\/div><\/div><div class=\"ult-item-wrap\" data-animation=\"animated no-animation\"><div class=\"w-image align_none\"><a title=\"n-21\" href=\"https:\/\/www.n-21.de\/index.php?lang=de\" aria-label=\"n21_logo\" class=\"w-image-h\" target=\"_blank\" rel=\"noopener\"><img decoding=\"async\" width=\"300\" height=\"300\" src=\"https:\/\/www.octogate.com\/wp-content\/uploads\/2021\/10\/n21_logo.png\" class=\"attachment-full size-full\" alt=\"\" loading=\"lazy\" srcset=\"https:\/\/www.octogate.com\/wp-content\/uploads\/2021\/10\/n21_logo.png 300w, https:\/\/www.octogate.com\/wp-content\/uploads\/2021\/10\/n21_logo-150x150.png 150w, https:\/\/www.octogate.com\/wp-content\/uploads\/2021\/10\/n21_logo-10x10.png 10w, https:\/\/www.octogate.com\/wp-content\/uploads\/2021\/10\/n21_logo-20x20.png 20w\" sizes=\"auto, (max-width: 300px) 100vw, 300px\" \/><\/a><\/div><\/div><div class=\"ult-item-wrap\" data-animation=\"animated no-animation\"><div class=\"w-image align_none\"><a title=\"B\u00fcndnis f\u00fcr Bildung\" href=\"https:\/\/www.bfb.org\/\" aria-label=\"bfb_logo\" class=\"w-image-h\" target=\"_blank\" rel=\"noopener\"><img decoding=\"async\" width=\"300\" height=\"300\" src=\"https:\/\/www.octogate.com\/wp-content\/uploads\/2021\/10\/bfb_logo.png\" class=\"attachment-full size-full\" alt=\"\" loading=\"lazy\" srcset=\"https:\/\/www.octogate.com\/wp-content\/uploads\/2021\/10\/bfb_logo.png 300w, https:\/\/www.octogate.com\/wp-content\/uploads\/2021\/10\/bfb_logo-150x150.png 150w, https:\/\/www.octogate.com\/wp-content\/uploads\/2021\/10\/bfb_logo-10x10.png 10w, https:\/\/www.octogate.com\/wp-content\/uploads\/2021\/10\/bfb_logo-20x20.png 20w\" sizes=\"auto, (max-width: 300px) 100vw, 300px\" \/><\/a><\/div><\/div><div class=\"ult-item-wrap\" data-animation=\"animated no-animation\"><div class=\"w-image align_none\"><a title=\"B\u00fcndnis f\u00fcr Bildung\" href=\"https:\/\/amtliches-verzeichnis.ihk.de\/\" aria-label=\"AVPQ_Logo_Bildmarke_RGB\" class=\"w-image-h\" target=\"_blank\" rel=\"noopener\"><img decoding=\"async\" width=\"351\" height=\"351\" src=\"https:\/\/www.octogate.com\/wp-content\/uploads\/2021\/05\/AVPQ_Logo_Bildmarke_RGB.png\" class=\"attachment-full size-full\" alt=\"\" loading=\"lazy\" srcset=\"https:\/\/www.octogate.com\/wp-content\/uploads\/2021\/05\/AVPQ_Logo_Bildmarke_RGB.png 351w, https:\/\/www.octogate.com\/wp-content\/uploads\/2021\/05\/AVPQ_Logo_Bildmarke_RGB-300x300.png 300w, https:\/\/www.octogate.com\/wp-content\/uploads\/2021\/05\/AVPQ_Logo_Bildmarke_RGB-150x150.png 150w, https:\/\/www.octogate.com\/wp-content\/uploads\/2021\/05\/AVPQ_Logo_Bildmarke_RGB-10x10.png 10w, https:\/\/www.octogate.com\/wp-content\/uploads\/2021\/05\/AVPQ_Logo_Bildmarke_RGB-20x20.png 20w\" sizes=\"auto, (max-width: 351px) 100vw, 351px\" \/><\/a><\/div><\/div><div class=\"ult-item-wrap\" data-animation=\"animated no-animation\"><div class=\"w-image align_none\"><a title=\"Bundespr\u00fcfstelle f\u00fcr jugendgef\u00e4hrdende Medien\" href=\"https:\/\/www.bvmw.de\/\" aria-label=\"BVMW_Website\" class=\"w-image-h\" target=\"_blank\" rel=\"noopener\"><img decoding=\"async\" width=\"301\" height=\"301\" src=\"https:\/\/www.octogate.com\/wp-content\/uploads\/2021\/05\/BVMW_Website.png\" class=\"attachment-full size-full\" alt=\"\" loading=\"lazy\" srcset=\"https:\/\/www.octogate.com\/wp-content\/uploads\/2021\/05\/BVMW_Website.png 301w, https:\/\/www.octogate.com\/wp-content\/uploads\/2021\/05\/BVMW_Website-150x150.png 150w, https:\/\/www.octogate.com\/wp-content\/uploads\/2021\/05\/BVMW_Website-10x10.png 10w, https:\/\/www.octogate.com\/wp-content\/uploads\/2021\/05\/BVMW_Website-20x20.png 20w\" sizes=\"auto, (max-width: 301px) 100vw, 301px\" \/><\/a><\/div><\/div><\/div><\/div>\t\t\t<script type=\"text\/javascript\">\n\t\t\t\tjQuery(document).ready(function ($) {\n\t\t\t\t\tif( typeof jQuery('.ult-carousel-164314667069dff9b84ca40').slick == \"function\"){\n\t\t\t\t\t\t$('.ult-carousel-164314667069dff9b84ca40').slick({dots: true,autoplay: true,autoplaySpeed: \"5000\",speed: \"300\",infinite: true,arrows: true,nextArrow: '<button type=\"button\" role=\"button\" aria-label=\"Next\" style=\"color:#333333; font-size:20px;\" class=\"slick-next default\"><i class=\"ultsl-arrow-right4\"><\/i><\/button>',prevArrow: '<button type=\"button\" role=\"button\" aria-label=\"Previous\" style=\"color:#333333; font-size:20px;\" class=\"slick-prev default\"><i class=\"ultsl-arrow-left4\"><\/i><\/button>',slidesToScroll:7,slidesToShow:7,swipe: true,draggable: true,touchMove: true,pauseOnHover: true,pauseOnFocus: false,responsive: [\n\t\t\t\t\t\t\t{\n\t\t\t\t\t\t\t  breakpoint: 1026,\n\t\t\t\t\t\t\t  settings: {\n\t\t\t\t\t\t\t\tslidesToShow: 7,\n\t\t\t\t\t\t\t\tslidesToScroll: 7,  \n\t\t\t\t\t\t\t  }\n\t\t\t\t\t\t\t},\n\t\t\t\t\t\t\t{\n\t\t\t\t\t\t\t  breakpoint: 1025,\n\t\t\t\t\t\t\t  settings: {\n\t\t\t\t\t\t\t\tslidesToShow: 5,\n\t\t\t\t\t\t\t\tslidesToScroll: 5\n\t\t\t\t\t\t\t  }\n\t\t\t\t\t\t\t},\n\t\t\t\t\t\t\t{\n\t\t\t\t\t\t\t  breakpoint: 760,\n\t\t\t\t\t\t\t  settings: {\n\t\t\t\t\t\t\t\tslidesToShow: 3,\n\t\t\t\t\t\t\t\tslidesToScroll: 3\n\t\t\t\t\t\t\t  }\n\t\t\t\t\t\t\t}\n\t\t\t\t\t\t],pauseOnDotsHover: true,customPaging: function(slider, i) {\n                   return '<i type=\"button\" style= \"color:#333333;\" class=\"ultsl-record\" data-role=\"none\"><\/i>';\n                },});\n\t\t\t\t\t}\n\t\t\t\t});\n\t\t\t<\/script>\n\t\t\t<\/div><\/div><\/div><\/div><\/div><\/section>\n<\/div><\/div><\/div><\/div><\/div><\/section>\n","protected":false},"excerpt":{"rendered":"LMZ Configurator Dates and Events We would be happy to demonstrate our solutions to you in person and invite you to our regular webinars, events, and training sessions. We look...","protected":false},"author":1,"featured_media":0,"parent":0,"menu_order":0,"comment_status":"closed","ping_status":"closed","template":"","meta":{"_acf_changed":false,"footnotes":""},"class_list":["post-1310","page","type-page","status-publish","hentry"],"acf":[],"_links":{"self":[{"href":"https:\/\/www.octogate.com\/en_us\/wp-json\/wp\/v2\/pages\/1310","targetHints":{"allow":["GET"]}}],"collection":[{"href":"https:\/\/www.octogate.com\/en_us\/wp-json\/wp\/v2\/pages"}],"about":[{"href":"https:\/\/www.octogate.com\/en_us\/wp-json\/wp\/v2\/types\/page"}],"author":[{"embeddable":true,"href":"https:\/\/www.octogate.com\/en_us\/wp-json\/wp\/v2\/users\/1"}],"replies":[{"embeddable":true,"href":"https:\/\/www.octogate.com\/en_us\/wp-json\/wp\/v2\/comments?post=1310"}],"version-history":[{"count":14,"href":"https:\/\/www.octogate.com\/en_us\/wp-json\/wp\/v2\/pages\/1310\/revisions"}],"predecessor-version":[{"id":10849,"href":"https:\/\/www.octogate.com\/en_us\/wp-json\/wp\/v2\/pages\/1310\/revisions\/10849"}],"wp:attachment":[{"href":"https:\/\/www.octogate.com\/en_us\/wp-json\/wp\/v2\/media?parent=1310"}],"curies":[{"name":"wp","href":"https:\/\/api.w.org\/{rel}","templated":true}]}}