{"id":417,"date":"2022-09-23T12:56:28","date_gmt":"2022-09-23T10:56:28","guid":{"rendered":"https:\/\/wp.octogate.de\/?page_id=417"},"modified":"2026-04-15T17:35:04","modified_gmt":"2026-04-15T15:35:04","slug":"product-history","status":"publish","type":"page","link":"https:\/\/www.octogate.com\/en_us\/product-history\/","title":{"rendered":"Product History"},"content":{"rendered":"<section class=\"l-section wpb_row height_medium\"><div class=\"l-section-h i-cf\"><div class=\"g-cols vc_row via_flex valign_top type_default stacking_default\"><div class=\"vc_col-sm-12 wpb_column vc_column_container\"><div class=\"vc_column-inner\"><div class=\"wpb_wrapper\"><div class=\"wpb_text_column\"><div class=\"wpb_wrapper\"><h1><strong>Produkthistorie<\/strong><\/h1>\n<\/div><\/div><div class=\"w-separator size_small\"><\/div><div class=\"wpb_text_column\"><div class=\"wpb_wrapper\"><p>Jedes Produkt auf dem Markt erreicht irgendwann das Ende seines Lebenszyklus. Der End of Sales eines Produktes kann dabei aus mehreren Gr\u00fcnden erfolgen. Dazu geh\u00f6ren bspw. ge\u00e4nderte Marktanforderungen und weiterentwickelte Technologien. Die nachfolgende Tabelle enth\u00e4lt eine \u00dcbersicht \u00fcber alle bisherigen End of Sales Produkte aus dem Hause OctoGate und gibt Auskunft zu dem jeweiligen End of Service.<\/p>\n<\/div><\/div><div class=\"w-separator size_medium\"><\/div>\n<div class=\"wpdt-c row wpDataTableContainerSimpleTable wpDataTables wpDataTablesWrapper\n\"\n    >\n        <table id=\"wpdtSimpleTable-20\"\n           style=\"border-collapse:collapse;\n                   border-spacing:0px;\"\n           class=\"wpdtSimpleTable wpDataTable\"\n           data-column=\"3\"\n           data-rows=\"6\"\n           data-wpID=\"20\"\n           data-responsive=\"0\"\n           data-has-header=\"0\">\n\n                    <tbody>        <tr class=\"wpdt-cell-row \" >\n                                <td class=\"wpdt-cell wpdt-bc-CE6025 wpdt-align-left\"\n                                            data-cell-id=\"A1\"\n                    data-col-index=\"0\"\n                    data-row-index=\"0\"\n                    style=\" width:33.333333333333%;                    padding:10px;\n                    \"\n                    >\n                                        <b style=\"color: white\">PRODUCT NAME<\/b>                    <\/td>\n                                                <td class=\"wpdt-cell wpdt-bc-CE6025 wpdt-align-left\"\n                                            data-cell-id=\"B1\"\n                    data-col-index=\"1\"\n                    data-row-index=\"0\"\n                    style=\" width:33.333333333333%;                    padding:10px;\n                    \"\n                    >\n                                        <b style=\"color: white\">END OF SALES<\/b>                    <\/td>\n                                                <td class=\"wpdt-cell wpdt-bc-CE6025 wpdt-align-left\"\n                                            data-cell-id=\"C1\"\n                    data-col-index=\"2\"\n                    data-row-index=\"0\"\n                    style=\" width:33.333333333333%;                    padding:10px;\n                    \"\n                    >\n                                        <b style=\"color: white\">END OF SERVICE<\/b>                    <\/td>\n                                        <\/tr>\n                            <tr class=\"wpdt-cell-row \" >\n                                <td class=\"wpdt-cell wpdt-align-left wpdt-bc-FEF8E7\"\n                                            data-cell-id=\"A2\"\n                    data-col-index=\"0\"\n                    data-row-index=\"1\"\n                    style=\"                    padding:10px;\n                    \"\n                    >\n                                        Access Point AC-1000                    <\/td>\n                                                <td class=\"wpdt-cell wpdt-align-left wpdt-bc-FEF8E7\"\n                                            data-cell-id=\"B2\"\n                    data-col-index=\"1\"\n                    data-row-index=\"1\"\n                    style=\"                    padding:10px;\n                    \"\n                    >\n                                        December 2017                    <\/td>\n                                                <td class=\"wpdt-cell wpdt-align-left wpdt-bc-FEF8E7\"\n                                            data-cell-id=\"C2\"\n                    data-col-index=\"2\"\n                    data-row-index=\"1\"\n                    style=\"                    padding:10px;\n                    \"\n                    >\n                                        with OctoGate Version 3*                    <\/td>\n                                        <\/tr>\n                            <tr class=\"wpdt-cell-row \" >\n                                <td class=\"wpdt-cell wpdt-bc-FFFFFF wpdt-align-left\"\n                                            data-cell-id=\"A3\"\n                    data-col-index=\"0\"\n                    data-row-index=\"2\"\n                    style=\"                    padding:10px;\n                    \"\n                    >\n                                        OctoScan                    <\/td>\n                                                <td class=\"wpdt-cell wpdt-bc-FFFFFF wpdt-align-left\"\n                                            data-cell-id=\"B3\"\n                    data-col-index=\"1\"\n                    data-row-index=\"2\"\n                    style=\"                    padding:10px;\n                    \"\n                    >\n                                        March 2020                    <\/td>\n                                                <td class=\"wpdt-cell wpdt-align-left wpdt-bc-FFFFFF\"\n                                            data-cell-id=\"C3\"\n                    data-col-index=\"2\"\n                    data-row-index=\"2\"\n                    style=\"                    padding:10px;\n                    \"\n                    >\n                                        December 2023                    <\/td>\n                                        <\/tr>\n                            <tr class=\"wpdt-cell-row \" >\n                                <td class=\"wpdt-cell wpdt-align-left wpdt-bc-FEF8E7\"\n                                            data-cell-id=\"A4\"\n                    data-col-index=\"0\"\n                    data-row-index=\"3\"\n                    style=\"                    padding:10px;\n                    \"\n                    >\n                                        Access Point AC-2000                    <\/td>\n                                                <td class=\"wpdt-cell wpdt-align-left wpdt-bc-FEF8E7\"\n                                            data-cell-id=\"B4\"\n                    data-col-index=\"1\"\n                    data-row-index=\"3\"\n                    style=\"                    padding:10px;\n                    \"\n                    >\n                                        December 2020                    <\/td>\n                                                <td class=\"wpdt-cell wpdt-align-left wpdt-bc-FEF8E7\"\n                                            data-cell-id=\"C4\"\n                    data-col-index=\"2\"\n                    data-row-index=\"3\"\n                    style=\"                    padding:10px;\n                    \"\n                    >\n                                        December 2025                    <\/td>\n                                        <\/tr>\n                            <tr class=\"wpdt-cell-row \" >\n                                <td class=\"wpdt-cell wpdt-align-left wpdt-bc-FFFFFF\"\n                                            data-cell-id=\"A5\"\n                    data-col-index=\"0\"\n                    data-row-index=\"4\"\n                    style=\"                    padding:10px;\n                    \"\n                    >\n                                        tine Groupware                    <\/td>\n                                                <td class=\"wpdt-cell wpdt-align-left wpdt-bc-FFFFFF\"\n                                            data-cell-id=\"B5\"\n                    data-col-index=\"1\"\n                    data-row-index=\"4\"\n                    style=\"                    padding:10px;\n                    \"\n                    >\n                                        -                    <\/td>\n                                                <td class=\"wpdt-cell wpdt-align-left wpdt-bc-FFFFFF\"\n                                            data-cell-id=\"C5\"\n                    data-col-index=\"2\"\n                    data-row-index=\"4\"\n                    style=\"                    padding:10px;\n                    \"\n                    >\n                                        December 2021                    <\/td>\n                                        <\/tr>\n                            <tr class=\"wpdt-cell-row \" >\n                                <td class=\"wpdt-cell wpdt-align-left wpdt-bc-FEF8E7\"\n                                            data-cell-id=\"A6\"\n                    data-col-index=\"0\"\n                    data-row-index=\"5\"\n                    style=\"                    padding:10px;\n                    \"\n                    >\n                                        Access Point AX-3000 \/ 3500                    <\/td>\n                                                <td class=\"wpdt-cell wpdt-align-left wpdt-bc-FEF8E7\"\n                                            data-cell-id=\"B6\"\n                    data-col-index=\"1\"\n                    data-row-index=\"5\"\n                    style=\"                    padding:10px;\n                    \"\n                    >\n                                        2026                    <\/td>\n                                                <td class=\"wpdt-cell wpdt-align-left wpdt-bc-FEF8E7\"\n                                            data-cell-id=\"C6\"\n                    data-col-index=\"2\"\n                    data-row-index=\"5\"\n                    style=\"                    padding:10px;\n                    \"\n                    >\n                                        January 2030                    <\/td>\n                                        <\/tr>\n                    <\/table>\n<\/div><style id='wpdt-custom-style-20'>\n.wpDataTablesWrapper table.wpDataTable > thead > tr > th{ border: none !important; }\n.wpdt-bc-CE6025 { background-color: #CE6025 !important;}\n.wpdt-bc-FEF8E7 { background-color: #FEF8E7 !important;}\n.wpdt-bc-FFFFFF { background-color: #FFFFFF !important;}\n<\/style>\n<style>\n            \/* th background color *\/\n    .wpdt-c.wpDataTablesWrapper table.wpdtSimpleTable.bt[data-has-header='1'] td.wpdt-header-classes,\n    .wpdt-c.wpDataTablesWrapper table.wpdtSimpleTable thead th,\n    .wpdt-c .wpDataTablesWrapper table.wpDataTable thead th,\n    .wpdt-c .wpDataTablesWrapper table.wpDataTable thead th.sorting {\n        background-color: #CE6025 !important;\n        background-image: none !important;\n    }\n            \/* th border color *\/\n    .wpdt-c.wpDataTablesWrapper table.wpdtSimpleTable thead tr > th{\n        border-bottom-color: #CE6025 !important;\n        border-right-color: #CE6025 !important;\n        border-top-color: #CE6025 !important;\n        border-left-color: #CE6025 !important;\n    }\n    .wpdt-c .wpDataTablesWrapper table.wpDataTable thead th,\n    .wpdt-c .wpDataTablesWrapper table.wpDataTable thead th.sorting {\n        border-color: #CE6025 !important;\n    }\n            \n        \/* td inner border color *\/\n    .wpdt-c.wpDataTablesWrapper table.wpDataTable.wpdtSimpleTable td,\n    .wpdt-c .wpDataTablesWrapper table.wpDataTable td {\n        border-color: #FFFFFF !important;\n    }\n                    \/* table outer border color *\/\n    .wpdt-c.wpDataTablesWrapper table.wpdtSimpleTable tr:last-child td,\n    .wpdt-c.wpDataTablesWrapper table.wpdtSimpleTable tr:last-child td.wpdt-merged-cell:last-child,\n    .wpdt-c.wpDataTablesWrapper table.wpdtSimpleTable tr:last-child td.wpdt-merged-cell,\n    .wpdt-c .wpDataTablesWrapper table.wpDataTable tr:last-child td {\n        border-bottom-color: #FFFFFF !important;\n    }\n    .wpdt-c.wpDataTablesWrapper table.wpdtSimpleTable tr td:first-child,\n    .wpdt-c .wpDataTablesWrapper table.wpDataTable tr td:first-child {\n        border-left-color: #FFFFFF !important;\n    }\n    .wpdt-c.wpDataTablesWrapper table.wpdtSimpleTable tr td:last-child,\n    .wpdt-c.wpDataTablesWrapper table.wpdtSimpleTable tr td.wpdt-merged-cell:last-child,\n    .wpdt-c .wpDataTablesWrapper table.wpDataTable tr td:last-child {\n        border-right-color: #FFFFFF !important;\n    }\n                                        \/* odd rows background color *\/\n    .wpdt-c.wpDataTablesWrapper table.wpdtSimpleTable tr.odd td,\n    .wpdt-c .wpDataTablesWrapper table.wpDataTable tr.odd td {\n        background-color: #FFFFFF !important;\n    }\n            \/* even rows background color *\/\n    .wpdt-c.wpDataTablesWrapper table.wpdtSimpleTable tr.even td,\n    .wpdt-c .wpDataTablesWrapper table.wpDataTable tr.even td,\n    .wpdt-c .wpDataTablesWrapper table.has-columns-hidden tr.row-detail > td {\n        background-color: rgba(255, 193, 7, 0.05) !important;\n    }\n                        \/* selected rows background color *\/\n    .wpdt-c .wpDataTablesWrapper table.wpDataTable tr.odd.selected > td,\n    .wpdt-c .wpDataTablesWrapper table.wpDataTable tr.odd.selected > td.sorting_1,\n    .wpdt-c .wpDataTablesWrapper table.wpDataTable tr.even.selected > td,\n    .wpdt-c .wpDataTablesWrapper table.wpDataTable tr.even.selected > td.sorting_1 {\n        background-color: #CE6025 !important;\n    }\n                \/* table font size *\/\n    .wpdt-c.wpDataTablesWrapper table.wpdtSimpleTable,\n    .wpdt-c .wpDataTablesWrapper table.wpDataTable {\n        font-size:14px !important;\n    }\n            \n                <\/style>\n<div class=\"wpb_text_column\"><div class=\"wpb_wrapper\"><p>*<small> Der Support von AC-1000 h\u00f6rt mit der OctoGate Version 3 auf &#8211; Diese Kombination wird auch weiterhin supportet. Es fehlen Ihnen lediglich die Features der OctoGate Version 4.<\/small><\/p>\n<\/div><\/div><\/div><\/div><\/div><\/div><\/div><\/section>\n","protected":false},"excerpt":{"rendered":"Produkthistorie Jedes Produkt auf dem Markt erreicht irgendwann das Ende seines Lebenszyklus. Der End of Sales eines Produktes kann dabei aus mehreren Gr\u00fcnden erfolgen. Dazu geh\u00f6ren bspw. ge\u00e4nderte Marktanforderungen und...","protected":false},"author":1,"featured_media":0,"parent":0,"menu_order":0,"comment_status":"closed","ping_status":"closed","template":"","meta":{"_acf_changed":false,"footnotes":""},"class_list":["post-417","page","type-page","status-publish","hentry"],"acf":[],"_links":{"self":[{"href":"https:\/\/www.octogate.com\/en_us\/wp-json\/wp\/v2\/pages\/417","targetHints":{"allow":["GET"]}}],"collection":[{"href":"https:\/\/www.octogate.com\/en_us\/wp-json\/wp\/v2\/pages"}],"about":[{"href":"https:\/\/www.octogate.com\/en_us\/wp-json\/wp\/v2\/types\/page"}],"author":[{"embeddable":true,"href":"https:\/\/www.octogate.com\/en_us\/wp-json\/wp\/v2\/users\/1"}],"replies":[{"embeddable":true,"href":"https:\/\/www.octogate.com\/en_us\/wp-json\/wp\/v2\/comments?post=417"}],"version-history":[{"count":12,"href":"https:\/\/www.octogate.com\/en_us\/wp-json\/wp\/v2\/pages\/417\/revisions"}],"predecessor-version":[{"id":10868,"href":"https:\/\/www.octogate.com\/en_us\/wp-json\/wp\/v2\/pages\/417\/revisions\/10868"}],"wp:attachment":[{"href":"https:\/\/www.octogate.com\/en_us\/wp-json\/wp\/v2\/media?parent=417"}],"curies":[{"name":"wp","href":"https:\/\/api.w.org\/{rel}","templated":true}]}}